{"id":2440,"date":"2020-06-09T09:07:49","date_gmt":"2020-06-09T09:07:49","guid":{"rendered":"https:\/\/ana-hotels.com\/living-augsburg-city-centre\/?page_id=2440"},"modified":"2021-07-15T09:04:11","modified_gmt":"2021-07-15T09:04:11","slug":"lage-anreise","status":"publish","type":"page","link":"https:\/\/ana-hotels.com\/living-augsburg-city-centre\/lage-anreise\/","title":{"rendered":"LAGE &#038; ANREISE"},"content":{"rendered":"","protected":false},"excerpt":{"rendered":"","protected":false},"author":17,"featured_media":0,"parent":0,"menu_order":0,"comment_status":"closed","ping_status":"closed","template":"","meta":[],"folder":[],"yst_prominent_words":[],"acf":[],"yoast_head":"<!-- This site is optimized with the Yoast SEO Premium plugin v14.3 - https:\/\/yoast.com\/wordpress\/plugins\/seo\/ -->\n<title>Apartments Augsburg | Arthotel ANA Living Augsburg City Center<\/title>\n<meta name=\"description\" content=\"Apartments in Augsburg gesucht? Ob f\u00fcr einen Monat oder zwei Jahre, das Arthotel ANA Living Augsburg City Center hat das richtige Apartment f\u00fcr Ihr Bed\u00fcrfnis. Jetzt anfragen!\" \/>\n<meta name=\"robots\" content=\"index, follow\" \/>\n<meta name=\"googlebot\" content=\"index, follow, max-snippet:-1, max-image-preview:large, max-video-preview:-1\" \/>\n<meta name=\"bingbot\" content=\"index, follow, max-snippet:-1, max-image-preview:large, max-video-preview:-1\" \/>\n<link rel=\"canonical\" href=\"https:\/\/ana-hotels.com\/living-augsburg-city-centre\/lage-anreise\/\" \/>\n<meta property=\"og:locale\" content=\"de_DE\" \/>\n<meta property=\"og:type\" content=\"article\" \/>\n<meta property=\"og:title\" content=\"Apartments Augsburg | Arthotel ANA Living Augsburg City Center\" \/>\n<meta property=\"og:description\" content=\"Apartments in Augsburg gesucht? Ob f\u00fcr einen Monat oder zwei Jahre, das Arthotel ANA Living Augsburg City Center hat das richtige Apartment f\u00fcr Ihr Bed\u00fcrfnis. Jetzt anfragen!\" \/>\n<meta property=\"og:url\" content=\"https:\/\/ana-hotels.com\/living-augsburg-city-centre\/lage-anreise\/\" \/>\n<meta property=\"og:site_name\" content=\"Arthotel ANA I Living Augsburg City Centre\" \/>\n<meta property=\"article:modified_time\" content=\"2021-07-15T09:04:11+00:00\" \/>\n<meta name=\"twitter:card\" content=\"summary_large_image\" \/>\n<script type=\"application\/ld+json\" class=\"yoast-schema-graph\">{\"@context\":\"https:\/\/schema.org\",\"@graph\":[{\"@type\":\"WebSite\",\"@id\":\"https:\/\/ana-hotels.com\/living-augsburg-city-centre\/#website\",\"url\":\"https:\/\/ana-hotels.com\/living-augsburg-city-centre\/\",\"name\":\"Arthotel ANA I Living Augsburg City Centre\",\"description\":\"Wohnen auf Zeit in Augsburg\",\"potentialAction\":[{\"@type\":\"SearchAction\",\"target\":\"https:\/\/ana-hotels.com\/living-augsburg-city-centre\/?s={search_term_string}\",\"query-input\":\"required name=search_term_string\"}],\"inLanguage\":\"de\"},{\"@type\":\"WebPage\",\"@id\":\"https:\/\/ana-hotels.com\/living-augsburg-city-centre\/lage-anreise\/#webpage\",\"url\":\"https:\/\/ana-hotels.com\/living-augsburg-city-centre\/lage-anreise\/\",\"name\":\"Apartments Augsburg | Arthotel ANA Living Augsburg City Center\",\"isPartOf\":{\"@id\":\"https:\/\/ana-hotels.com\/living-augsburg-city-centre\/#website\"},\"datePublished\":\"2020-06-09T09:07:49+00:00\",\"dateModified\":\"2021-07-15T09:04:11+00:00\",\"description\":\"Apartments in Augsburg gesucht? Ob f\\u00fcr einen Monat oder zwei Jahre, das Arthotel ANA Living Augsburg City Center hat das richtige Apartment f\\u00fcr Ihr Bed\\u00fcrfnis. Jetzt anfragen!\",\"inLanguage\":\"de\",\"potentialAction\":[{\"@type\":\"ReadAction\",\"target\":[\"https:\/\/ana-hotels.com\/living-augsburg-city-centre\/lage-anreise\/\"]}]}]}<\/script>\n<!-- \/ Yoast SEO Premium plugin. -->","_links":{"self":[{"href":"https:\/\/ana-hotels.com\/living-augsburg-city-centre\/wp-json\/wp\/v2\/pages\/2440"}],"collection":[{"href":"https:\/\/ana-hotels.com\/living-augsburg-city-centre\/wp-json\/wp\/v2\/pages"}],"about":[{"href":"https:\/\/ana-hotels.com\/living-augsburg-city-centre\/wp-json\/wp\/v2\/types\/page"}],"author":[{"embeddable":true,"href":"https:\/\/ana-hotels.com\/living-augsburg-city-centre\/wp-json\/wp\/v2\/users\/17"}],"replies":[{"embeddable":true,"href":"https:\/\/ana-hotels.com\/living-augsburg-city-centre\/wp-json\/wp\/v2\/comments?post=2440"}],"version-history":[{"count":1,"href":"https:\/\/ana-hotels.com\/living-augsburg-city-centre\/wp-json\/wp\/v2\/pages\/2440\/revisions"}],"predecessor-version":[{"id":2678,"href":"https:\/\/ana-hotels.com\/living-augsburg-city-centre\/wp-json\/wp\/v2\/pages\/2440\/revisions\/2678"}],"wp:attachment":[{"href":"https:\/\/ana-hotels.com\/living-augsburg-city-centre\/wp-json\/wp\/v2\/media?parent=2440"}],"wp:term":[{"taxonomy":"folder","embeddable":true,"href":"https:\/\/ana-hotels.com\/living-augsburg-city-centre\/wp-json\/wp\/v2\/folder?post=2440"},{"taxonomy":"yst_prominent_words","embeddable":true,"href":"https:\/\/ana-hotels.com\/living-augsburg-city-centre\/wp-json\/wp\/v2\/yst_prominent_words?post=2440"}],"curies":[{"name":"wp","href":"https:\/\/api.w.org\/{rel}","templated":true}]}}