{"id":2269,"date":"2020-06-08T15:00:07","date_gmt":"2020-06-08T15:00:07","guid":{"rendered":"https:\/\/ana-hotels.com\/panorama-marktoberdorf\/?page_id=2269"},"modified":"2021-04-16T12:28:34","modified_gmt":"2021-04-16T12:28:34","slug":"lage-anreise","status":"publish","type":"page","link":"https:\/\/ana-hotels.com\/panorama-marktoberdorf\/lage-anreise\/","title":{"rendered":"LAGE &#038; ANREISE"},"content":{"rendered":"","protected":false},"excerpt":{"rendered":"","protected":false},"author":17,"featured_media":0,"parent":0,"menu_order":0,"comment_status":"closed","ping_status":"closed","template":"","meta":[],"folder":[],"yst_prominent_words":[],"acf":[],"yoast_head":"<!-- This site is optimized with the Yoast SEO Premium plugin v14.3 - https:\/\/yoast.com\/wordpress\/plugins\/seo\/ -->\n<title>Hotel im Allg\u00e4u: Arthotel ANA Panorama Marktoberdorf<\/title>\n<meta name=\"description\" content=\"Unser Hotel im Allg\u00e4u liegt im Ferienparadies Marktoberdorf. Die zentrale Lage und die N\u00e4he zum Bahnhof machen unser Hotel zu einem guten Ausgangspunkt f\u00fcr private oder gesch\u00e4ftliche Aufenthalte.\" \/>\n<meta name=\"robots\" content=\"index, follow\" \/>\n<meta name=\"googlebot\" content=\"index, follow, max-snippet:-1, max-image-preview:large, max-video-preview:-1\" \/>\n<meta name=\"bingbot\" content=\"index, follow, max-snippet:-1, max-image-preview:large, max-video-preview:-1\" \/>\n<link rel=\"canonical\" href=\"https:\/\/ana-hotels.com\/panorama-marktoberdorf\/lage-anreise\/\" \/>\n<meta property=\"og:locale\" content=\"de_DE\" \/>\n<meta property=\"og:type\" content=\"article\" \/>\n<meta property=\"og:title\" content=\"Hotel im Allg\u00e4u: Arthotel ANA Panorama Marktoberdorf\" \/>\n<meta property=\"og:description\" content=\"Unser Hotel im Allg\u00e4u liegt im Ferienparadies Marktoberdorf. Die zentrale Lage und die N\u00e4he zum Bahnhof machen unser Hotel zu einem guten Ausgangspunkt f\u00fcr private oder gesch\u00e4ftliche Aufenthalte.\" \/>\n<meta property=\"og:url\" content=\"https:\/\/ana-hotels.com\/panorama-marktoberdorf\/lage-anreise\/\" \/>\n<meta property=\"og:site_name\" content=\"Arthotel ANA | Panorama Marktoberdorf\" \/>\n<meta property=\"article:modified_time\" content=\"2021-04-16T12:28:34+00:00\" \/>\n<meta name=\"twitter:card\" content=\"summary_large_image\" \/>\n<script type=\"application\/ld+json\" class=\"yoast-schema-graph\">{\"@context\":\"https:\/\/schema.org\",\"@graph\":[{\"@type\":\"WebSite\",\"@id\":\"https:\/\/ana-hotels.com\/panorama-marktoberdorf\/#website\",\"url\":\"https:\/\/ana-hotels.com\/panorama-marktoberdorf\/\",\"name\":\"Arthotel ANA | Panorama Marktoberdorf\",\"description\":\"Ihr Zuhause, wenn Sie auf Reisen sind.\",\"potentialAction\":[{\"@type\":\"SearchAction\",\"target\":\"https:\/\/ana-hotels.com\/panorama-marktoberdorf\/?s={search_term_string}\",\"query-input\":\"required name=search_term_string\"}],\"inLanguage\":\"de\"},{\"@type\":\"WebPage\",\"@id\":\"https:\/\/ana-hotels.com\/panorama-marktoberdorf\/lage-anreise\/#webpage\",\"url\":\"https:\/\/ana-hotels.com\/panorama-marktoberdorf\/lage-anreise\/\",\"name\":\"Hotel im Allg\\u00e4u: Arthotel ANA Panorama Marktoberdorf\",\"isPartOf\":{\"@id\":\"https:\/\/ana-hotels.com\/panorama-marktoberdorf\/#website\"},\"datePublished\":\"2020-06-08T15:00:07+00:00\",\"dateModified\":\"2021-04-16T12:28:34+00:00\",\"description\":\"Unser Hotel im Allg\\u00e4u liegt im Ferienparadies Marktoberdorf. Die zentrale Lage und die N\\u00e4he zum Bahnhof machen unser Hotel zu einem guten Ausgangspunkt f\\u00fcr private oder gesch\\u00e4ftliche Aufenthalte.\",\"inLanguage\":\"de\",\"potentialAction\":[{\"@type\":\"ReadAction\",\"target\":[\"https:\/\/ana-hotels.com\/panorama-marktoberdorf\/lage-anreise\/\"]}]}]}<\/script>\n<!-- \/ Yoast SEO Premium plugin. -->","_links":{"self":[{"href":"https:\/\/ana-hotels.com\/panorama-marktoberdorf\/wp-json\/wp\/v2\/pages\/2269"}],"collection":[{"href":"https:\/\/ana-hotels.com\/panorama-marktoberdorf\/wp-json\/wp\/v2\/pages"}],"about":[{"href":"https:\/\/ana-hotels.com\/panorama-marktoberdorf\/wp-json\/wp\/v2\/types\/page"}],"author":[{"embeddable":true,"href":"https:\/\/ana-hotels.com\/panorama-marktoberdorf\/wp-json\/wp\/v2\/users\/17"}],"replies":[{"embeddable":true,"href":"https:\/\/ana-hotels.com\/panorama-marktoberdorf\/wp-json\/wp\/v2\/comments?post=2269"}],"version-history":[{"count":4,"href":"https:\/\/ana-hotels.com\/panorama-marktoberdorf\/wp-json\/wp\/v2\/pages\/2269\/revisions"}],"predecessor-version":[{"id":2442,"href":"https:\/\/ana-hotels.com\/panorama-marktoberdorf\/wp-json\/wp\/v2\/pages\/2269\/revisions\/2442"}],"wp:attachment":[{"href":"https:\/\/ana-hotels.com\/panorama-marktoberdorf\/wp-json\/wp\/v2\/media?parent=2269"}],"wp:term":[{"taxonomy":"folder","embeddable":true,"href":"https:\/\/ana-hotels.com\/panorama-marktoberdorf\/wp-json\/wp\/v2\/folder?post=2269"},{"taxonomy":"yst_prominent_words","embeddable":true,"href":"https:\/\/ana-hotels.com\/panorama-marktoberdorf\/wp-json\/wp\/v2\/yst_prominent_words?post=2269"}],"curies":[{"name":"wp","href":"https:\/\/api.w.org\/{rel}","templated":true}]}}